{"id":2855,"date":"2023-09-03T11:00:38","date_gmt":"2023-09-03T09:00:38","guid":{"rendered":"https:\/\/www.fabriteck.com\/OrthoPartner\/?page_id=2855"},"modified":"2023-12-08T14:58:09","modified_gmt":"2023-12-08T13:58:09","slug":"temoignages","status":"publish","type":"page","link":"https:\/\/ortho-geniusmaster.com\/en\/temoignages\/","title":{"rendered":"Temoignages"},"content":{"rendered":"<section class=\"wpb-content-wrapper\"><div id=\"tm-row-69ea39f85cfc1\" class=\"vc_row vc_row-outer vc_row-fluid\"><div id=\"tm-column-69ea39f85dbe6\" class=\"wpb_column vc_column_container vc_col-sm-12 vc_col-md-offset-2 vc_col-md-8\"><div class=\"vc_column-inner\"><div class=\"wpb_wrapper\"><div class=\"tm-spacer\" id=\"tm-spacer-69ea39f85df25\"><\/div>\n\n\t<div class=\"tm-testimonial tm-swiper  style-1 equal-height nav-style-3 tm-animation move-up\" id=\"tm-testimonial-69ea39f85e11d\"\n\t\t data-xs-items=\"1\" data-lg-items=\"1\"\n\t\t data-lg-gutter=\"30\"\n\t\t\t\t\tdata-nav=\"1\"\n\t\t\n\t\t\n\t\t\n\t\t\t\t\tdata-autoplay=\"5000\"\n\t\t\n\t\t\t\t\tdata-loop=\"1\"\n\t\t\n\t\t\n\t\t\n\t\t data-equal-height=\"1\"\n\t>\n\n\t\t\n\t\t<div class=\"swiper-container\">\n\t<div class=\"swiper-wrapper\">\n\t\t\t\t\t<div class=\"swiper-slide\">\n\t\t\t\t<div class=\"testimonial-item\">\n\t\t\t\t\t\t\t\t\t\t<div class=\"testimonial-desc\"><p>\u201cExcellent training for orthontists who want to work with a self-ligating system!<br \/>\nCompetent, educational, attentive and available trainers. All in a friendly atmosphere!\u201d<\/p>\n<\/div>\n\n\t\t\t\t\t<div class=\"testimonial-info\">\n\t\t\t\t\t\t<div class=\"inner\">\n\t\t\t\t\t\t\t\n\t\t\t\t\t\t\t<div class=\"testimonial-main-info\">\n\t\t\t\t\t\t\t\t<h6 class=\"testimonial-name\">Testimonial by R.Z of Tunisia<\/h6>\n\t\t\t\t\t\t\t\t\t\t\t\t\t\t\t\t\t<div\n\t\t\t\t\t\t\t\t\t\tclass=\"testimonial-by-line\"><\/div>\n\t\t\t\t\t\t\t\t\t\t\t\t\t\t\t<\/div>\n\t\t\t\t\t\t<\/div>\n\t\t\t\t\t<\/div>\n\t\t\t\t<\/div>\n\t\t\t<\/div>\n\t\t\t\t\t<div class=\"swiper-slide\">\n\t\t\t\t<div class=\"testimonial-item\">\n\t\t\t\t\t\t\t\t\t\t<div class=\"testimonial-desc\"><p>Delighted to be part of the first session of the Master Genius, excellent experience both scientifically and passionately ! What makes this Master different is to include in each session a clinical activity in the office, to see patients treated in Genius at different stages of treatment... Attending a bonding.. an activity on Typodont.. Thank you very much Orthopartner, thank you to the managers of the Master and the teachers for allowing us to live such a great experience!!<\/p>\n<\/div>\n\n\t\t\t\t\t<div class=\"testimonial-info\">\n\t\t\t\t\t\t<div class=\"inner\">\n\t\t\t\t\t\t\t\n\t\t\t\t\t\t\t<div class=\"testimonial-main-info\">\n\t\t\t\t\t\t\t\t<h6 class=\"testimonial-name\">Testimonial by I.J Tunisie<\/h6>\n\t\t\t\t\t\t\t\t\t\t\t\t\t\t\t\t\t<div\n\t\t\t\t\t\t\t\t\t\tclass=\"testimonial-by-line\"><\/div>\n\t\t\t\t\t\t\t\t\t\t\t\t\t\t\t<\/div>\n\t\t\t\t\t\t<\/div>\n\t\t\t\t\t<\/div>\n\t\t\t\t<\/div>\n\t\t\t<\/div>\n\t\t\t\t\t<div class=\"swiper-slide\">\n\t\t\t\t<div class=\"testimonial-item\">\n\t\t\t\t\t\t\t\t\t\t<div class=\"testimonial-desc\"><p>I was seduced by the whole Genius team. I am very honored to have attended Dr. Bilal Koleilat's course, he has great human as well as scientific value Always attentive, very generous, he revealed his knowledge to us and shared his very rich clinical cases which personally appealed to me. have helped a lot in my daily practice. He answers my questions about my new cases Genius God bless you<\/p>\n<\/div>\n\n\t\t\t\t\t<div class=\"testimonial-info\">\n\t\t\t\t\t\t<div class=\"inner\">\n\t\t\t\t\t\t\t\n\t\t\t\t\t\t\t<div class=\"testimonial-main-info\">\n\t\t\t\t\t\t\t\t<h6 class=\"testimonial-name\">Testimonial by A.Z Tunisia<\/h6>\n\t\t\t\t\t\t\t\t\t\t\t\t\t\t\t\t\t<div\n\t\t\t\t\t\t\t\t\t\tclass=\"testimonial-by-line\"><\/div>\n\t\t\t\t\t\t\t\t\t\t\t\t\t\t\t<\/div>\n\t\t\t\t\t\t<\/div>\n\t\t\t\t\t<\/div>\n\t\t\t\t<\/div>\n\t\t\t<\/div>\n\t\t\t\t\t<div class=\"swiper-slide\">\n\t\t\t\t<div class=\"testimonial-item\">\n\t\t\t\t\t\t\t\t\t\t<div class=\"testimonial-desc\"><p>High-quality, clinically-oriented master's degree with lots of practical advice.<br \/>\nIt was a good introduction for me to self-ligating brackets and the whole concept of this technology.<br \/>\nThe plus: a very friendly atmosphere with very pleasant colleagues.<br \/>\nThank you for everything Dr bilal.<\/p>\n<\/div>\n\n\t\t\t\t\t<div class=\"testimonial-info\">\n\t\t\t\t\t\t<div class=\"inner\">\n\t\t\t\t\t\t\t\n\t\t\t\t\t\t\t<div class=\"testimonial-main-info\">\n\t\t\t\t\t\t\t\t<h6 class=\"testimonial-name\">Testimonial from Safa. Tunisia<\/h6>\n\t\t\t\t\t\t\t\t\t\t\t\t\t\t\t\t\t<div\n\t\t\t\t\t\t\t\t\t\tclass=\"testimonial-by-line\"><\/div>\n\t\t\t\t\t\t\t\t\t\t\t\t\t\t\t<\/div>\n\t\t\t\t\t\t<\/div>\n\t\t\t\t\t<\/div>\n\t\t\t\t<\/div>\n\t\t\t<\/div>\n\t\t\t\t\t<div class=\"swiper-slide\">\n\t\t\t\t<div class=\"testimonial-item\">\n\t\t\t\t\t\t\t\t\t\t<div class=\"testimonial-desc\"><p>Rich program and very friendly atmosphere. The speakers are generous and always sharing and listening. I highly recommend this Master!!<\/p>\n<\/div>\n\n\t\t\t\t\t<div class=\"testimonial-info\">\n\t\t\t\t\t\t<div class=\"inner\">\n\t\t\t\t\t\t\t\n\t\t\t\t\t\t\t<div class=\"testimonial-main-info\">\n\t\t\t\t\t\t\t\t<h6 class=\"testimonial-name\">Testimonial by I.G tunisia<\/h6>\n\t\t\t\t\t\t\t\t\t\t\t\t\t\t\t\t\t<div\n\t\t\t\t\t\t\t\t\t\tclass=\"testimonial-by-line\"><\/div>\n\t\t\t\t\t\t\t\t\t\t\t\t\t\t\t<\/div>\n\t\t\t\t\t\t<\/div>\n\t\t\t\t\t<\/div>\n\t\t\t\t<\/div>\n\t\t\t<\/div>\n\t\t\t<\/div>\n<\/div>\n\n\t<\/div>\n\t<\/div><\/div><\/div><\/div><div id=\"tm-row-69ea39f8620e4\" class=\"vc_row vc_row-outer vc_row-fluid\"><div id=\"tm-column-69ea39f8625f1\" class=\"wpb_column vc_column_container vc_col-sm-6\"><div class=\"vc_column-inner\"><div class=\"wpb_wrapper\">\n\t<div class=\"wpb_raw_code wpb_content_element wpb_raw_html\" >\n\t\t<div class=\"wpb_wrapper\">\n\t\t\t\r\n    <div>        \r\n    <video id=\"plyr69ea39f862ad5\" controls class=\"easy-video-player\">\r\n       <source src=\"https:\/\/www.fabriteck.com\/OrthoPartner\/wp-content\/uploads\/2023\/09\/WhatsApp-Video-2023-09-01-a-12.25.21.mp4\" type=\"video\/mp4\" \/>\r\n    <\/video>\r\n    <\/div>    <script>\r\n        const evplayerplyr69ea39f862ad5 = new Plyr(document.getElementById('plyr69ea39f862ad5'));\r\n        evplayerplyr69ea39f862ad5.ratio = '16:9';\r\n        evplayerplyr69ea39f862ad5.iconUrl = 'https:\/\/ortho-geniusmaster.com\/wp-content\/plugins\/easy-video-player\/lib\/plyr.svg';\r\n        evplayerplyr69ea39f862ad5.blankVideo = 'https:\/\/ortho-geniusmaster.com\/wp-content\/plugins\/easy-video-player\/lib\/blank.mp4';  \r\n    <\/script>\n\n\t\t<\/div>\n\t<\/div>\n<\/div><\/div><\/div><div id=\"tm-column-69ea39f862d8d\" class=\"wpb_column vc_column_container vc_col-sm-6\"><div class=\"vc_column-inner\"><div class=\"wpb_wrapper\">\n\t<div class=\"wpb_raw_code wpb_content_element wpb_raw_html\" >\n\t\t<div class=\"wpb_wrapper\">\n\t\t\t\r\n    <div>        \r\n    <video id=\"plyr69ea39f863034\" controls class=\"easy-video-player\">\r\n       <source src=\"https:\/\/www.fabriteck.com\/OrthoPartner\/wp-content\/uploads\/2023\/09\/WhatsApp-Video-2023-09-01-a-12.25.20_.mp4\" type=\"video\/mp4\" \/>\r\n    <\/video>\r\n    <\/div>    <script>\r\n        const evplayerplyr69ea39f863034 = new Plyr(document.getElementById('plyr69ea39f863034'));\r\n        evplayerplyr69ea39f863034.ratio = '16:9';\r\n        evplayerplyr69ea39f863034.iconUrl = 'https:\/\/ortho-geniusmaster.com\/wp-content\/plugins\/easy-video-player\/lib\/plyr.svg';\r\n        evplayerplyr69ea39f863034.blankVideo = 'https:\/\/ortho-geniusmaster.com\/wp-content\/plugins\/easy-video-player\/lib\/blank.mp4';  \r\n    <\/script>\n\n\t\t<\/div>\n\t<\/div>\n<\/div><\/div><\/div><\/div><div id=\"tm-row-69ea39f863397\" class=\"vc_row vc_row-outer vc_row-fluid\"><div id=\"tm-column-69ea39f863761\" class=\"wpb_column vc_column_container vc_col-sm-6\"><div class=\"vc_column-inner\"><div class=\"wpb_wrapper\"><div class=\"tm-spacer\" id=\"tm-spacer-69ea39f863931\"><\/div>\n\n\t<div class=\"wpb_raw_code wpb_content_element wpb_raw_html\" >\n\t\t<div class=\"wpb_wrapper\">\n\t\t\t\r\n    <div>        \r\n    <video id=\"plyr69ea39f863a3f\" controls class=\"easy-video-player\">\r\n       <source src=\"https:\/\/www.fabriteck.com\/OrthoPartner\/wp-content\/uploads\/2023\/09\/WhatsApp-Video-2023-09-01-a-12.25.20.mp4\" type=\"video\/mp4\" \/>\r\n    <\/video>\r\n    <\/div>    <script>\r\n        const evplayerplyr69ea39f863a3f = new Plyr(document.getElementById('plyr69ea39f863a3f'));\r\n        evplayerplyr69ea39f863a3f.ratio = '16:9';\r\n        evplayerplyr69ea39f863a3f.iconUrl = 'https:\/\/ortho-geniusmaster.com\/wp-content\/plugins\/easy-video-player\/lib\/plyr.svg';\r\n        evplayerplyr69ea39f863a3f.blankVideo = 'https:\/\/ortho-geniusmaster.com\/wp-content\/plugins\/easy-video-player\/lib\/blank.mp4';  \r\n    <\/script>\n\n\t\t<\/div>\n\t<\/div>\n<\/div><\/div><\/div><div id=\"tm-column-69ea39f863bf8\" class=\"wpb_column vc_column_container vc_col-sm-6\"><div class=\"vc_column-inner\"><div class=\"wpb_wrapper\"><div class=\"tm-spacer\" id=\"tm-spacer-69ea39f863d66\"><\/div>\n\n\t<div class=\"wpb_raw_code wpb_content_element wpb_raw_html\" >\n\t\t<div class=\"wpb_wrapper\">\n\t\t\t\r\n    <div>        \r\n    <video id=\"plyr69ea39f863e59\" controls class=\"easy-video-player\">\r\n       <source src=\"https:\/\/www.fabriteck.com\/OrthoPartner\/wp-content\/uploads\/2023\/09\/WhatsApp-Video-2023-09-01-a-12.25.19.mp4\" type=\"video\/mp4\" \/>\r\n    <\/video>\r\n    <\/div>    <script>\r\n        const evplayerplyr69ea39f863e59 = new Plyr(document.getElementById('plyr69ea39f863e59'));\r\n        evplayerplyr69ea39f863e59.ratio = '16:9';\r\n        evplayerplyr69ea39f863e59.iconUrl = 'https:\/\/ortho-geniusmaster.com\/wp-content\/plugins\/easy-video-player\/lib\/plyr.svg';\r\n        evplayerplyr69ea39f863e59.blankVideo = 'https:\/\/ortho-geniusmaster.com\/wp-content\/plugins\/easy-video-player\/lib\/blank.mp4';  \r\n    <\/script>\n\n\t\t<\/div>\n\t<\/div>\n<\/div><\/div><\/div><\/div>\n<\/section>","protected":false},"excerpt":{"rendered":"Programme riche et ambiance tr\u00e8s conviviale. Les speakers sont g\u00e9n\u00e9reux et toujours dans le partage et dans l'\u00e9coute. Je recommande vivement\u00a0ce\u00a0Master\u00a0!!","protected":false},"author":1,"featured_media":0,"parent":0,"menu_order":0,"comment_status":"closed","ping_status":"closed","template":"","meta":{"_monsterinsights_skip_tracking":false,"_monsterinsights_sitenote_active":false,"_monsterinsights_sitenote_note":"","_monsterinsights_sitenote_category":0,"footnotes":""},"class_list":["post-2855","page","type-page","status-publish","hentry"],"yoast_head":"<!-- This site is optimized with the Yoast SEO Premium plugin v21.5 (Yoast SEO v21.6) - https:\/\/yoast.com\/wordpress\/plugins\/seo\/ -->\n<title>Formation dipl\u00f4mante Genius Master Academy : d\u00e9couvrez les t\u00e9moignages de nos dipl\u00f4m\u00e9s.<\/title>\n<meta name=\"description\" content=\"Explorez les t\u00e9moignages vid\u00e9o et \u00e9crits de nos dipl\u00f4m\u00e9s partageant leur exp\u00e9rience avec la Genius Master Academy. R\u00e9volutionnez votre pratique orthodontique tout comme eux, en ma\u00eetrisant le syst\u00e8me auto-ligaturant passif Genius pour atteindre l\u2019excellence esth\u00e9tique et fonctionnelle, tout en simplifiant la m\u00e9canique orthodontique. Rejoignez une communaut\u00e9 d&#039;orthodontistes experts. Ne tardez pas, inscrivez-vous d\u00e8s maintenant pour transformer votre pratique.\" \/>\n<meta name=\"robots\" content=\"index, follow, max-snippet:-1, max-image-preview:large, max-video-preview:-1\" \/>\n<link rel=\"canonical\" href=\"https:\/\/ortho-geniusmaster.com\/en\/temoignages\/\" \/>\n<meta property=\"og:locale\" content=\"en_US\" \/>\n<meta property=\"og:type\" content=\"article\" \/>\n<meta property=\"og:title\" content=\"Temoignages\" \/>\n<meta property=\"og:description\" content=\"Explorez les t\u00e9moignages vid\u00e9o et \u00e9crits de nos dipl\u00f4m\u00e9s partageant leur exp\u00e9rience avec la Genius Master Academy. R\u00e9volutionnez votre pratique orthodontique tout comme eux, en ma\u00eetrisant le syst\u00e8me auto-ligaturant passif Genius pour atteindre l\u2019excellence esth\u00e9tique et fonctionnelle, tout en simplifiant la m\u00e9canique orthodontique. Rejoignez une communaut\u00e9 d&#039;orthodontistes experts. Ne tardez pas, inscrivez-vous d\u00e8s maintenant pour transformer votre pratique.\" \/>\n<meta property=\"og:url\" content=\"https:\/\/ortho-geniusmaster.com\/en\/temoignages\/\" \/>\n<meta property=\"og:site_name\" content=\"Genius Master Programme\" \/>\n<meta property=\"article:publisher\" content=\"https:\/\/www.facebook.com\/orthopartner\/\" \/>\n<meta property=\"article:modified_time\" content=\"2023-12-08T13:58:09+00:00\" \/>\n<meta property=\"og:image\" content=\"https:\/\/ortho-geniusmaster.com\/wp-content\/uploads\/2023\/08\/Genius-Master-Academy-LOGO-White.png\" \/>\n\t<meta property=\"og:image:width\" content=\"2560\" \/>\n\t<meta property=\"og:image:height\" content=\"544\" \/>\n\t<meta property=\"og:image:type\" content=\"image\/png\" \/>\n<meta name=\"twitter:card\" content=\"summary_large_image\" \/>\n<meta name=\"twitter:label1\" content=\"Est. reading time\" \/>\n\t<meta name=\"twitter:data1\" content=\"1 minute\" \/>\n<script type=\"application\/ld+json\" class=\"yoast-schema-graph\">{\"@context\":\"https:\/\/schema.org\",\"@graph\":[{\"@type\":\"WebPage\",\"@id\":\"https:\/\/ortho-geniusmaster.com\/temoignages\/\",\"url\":\"https:\/\/ortho-geniusmaster.com\/temoignages\/\",\"name\":\"Formation dipl\u00f4mante Genius Master Academy : d\u00e9couvrez les t\u00e9moignages de nos dipl\u00f4m\u00e9s.\",\"isPartOf\":{\"@id\":\"https:\/\/ortho-geniusmaster.com\/#website\"},\"datePublished\":\"2023-09-03T09:00:38+00:00\",\"dateModified\":\"2023-12-08T13:58:09+00:00\",\"description\":\"Explorez les t\u00e9moignages vid\u00e9o et \u00e9crits de nos dipl\u00f4m\u00e9s partageant leur exp\u00e9rience avec la Genius Master Academy. R\u00e9volutionnez votre pratique orthodontique tout comme eux, en ma\u00eetrisant le syst\u00e8me auto-ligaturant passif Genius pour atteindre l\u2019excellence esth\u00e9tique et fonctionnelle, tout en simplifiant la m\u00e9canique orthodontique. Rejoignez une communaut\u00e9 d'orthodontistes experts. Ne tardez pas, inscrivez-vous d\u00e8s maintenant pour transformer votre pratique.\",\"breadcrumb\":{\"@id\":\"https:\/\/ortho-geniusmaster.com\/temoignages\/#breadcrumb\"},\"inLanguage\":\"en-US\",\"potentialAction\":[{\"@type\":\"ReadAction\",\"target\":[\"https:\/\/ortho-geniusmaster.com\/temoignages\/\"]}]},{\"@type\":\"BreadcrumbList\",\"@id\":\"https:\/\/ortho-geniusmaster.com\/temoignages\/#breadcrumb\",\"itemListElement\":[{\"@type\":\"ListItem\",\"position\":1,\"name\":\"Accueil\",\"item\":\"https:\/\/ortho-geniusmaster.com\/\"},{\"@type\":\"ListItem\",\"position\":2,\"name\":\"Temoignages\"}]},{\"@type\":\"WebSite\",\"@id\":\"https:\/\/ortho-geniusmaster.com\/#website\",\"url\":\"https:\/\/ortho-geniusmaster.com\/\",\"name\":\"Genius Master Academy\",\"description\":\"Master in Orthodontics\",\"publisher\":{\"@id\":\"https:\/\/ortho-geniusmaster.com\/#organization\"},\"potentialAction\":[{\"@type\":\"SearchAction\",\"target\":{\"@type\":\"EntryPoint\",\"urlTemplate\":\"https:\/\/ortho-geniusmaster.com\/?s={search_term_string}\"},\"query-input\":\"required name=search_term_string\"}],\"inLanguage\":\"en-US\"},{\"@type\":\"Organization\",\"@id\":\"https:\/\/ortho-geniusmaster.com\/#organization\",\"name\":\"Genius Master Academy\",\"url\":\"https:\/\/ortho-geniusmaster.com\/\",\"logo\":{\"@type\":\"ImageObject\",\"inLanguage\":\"en-US\",\"@id\":\"https:\/\/ortho-geniusmaster.com\/#\/schema\/logo\/image\/\",\"url\":\"https:\/\/ortho-geniusmaster.com\/wp-content\/uploads\/2023\/08\/Genius-Master-Academy-LOGO-White.png\",\"contentUrl\":\"https:\/\/ortho-geniusmaster.com\/wp-content\/uploads\/2023\/08\/Genius-Master-Academy-LOGO-White.png\",\"width\":4450,\"height\":945,\"caption\":\"Genius Master Academy\"},\"image\":{\"@id\":\"https:\/\/ortho-geniusmaster.com\/#\/schema\/logo\/image\/\"},\"sameAs\":[\"https:\/\/www.facebook.com\/orthopartner\/\"]}]}<\/script>\n<!-- \/ Yoast SEO Premium plugin. -->","yoast_head_json":{"title":"Formation dipl\u00f4mante Genius Master Academy : d\u00e9couvrez les t\u00e9moignages de nos dipl\u00f4m\u00e9s.","description":"Explorez les t\u00e9moignages vid\u00e9o et \u00e9crits de nos dipl\u00f4m\u00e9s partageant leur exp\u00e9rience avec la Genius Master Academy. R\u00e9volutionnez votre pratique orthodontique tout comme eux, en ma\u00eetrisant le syst\u00e8me auto-ligaturant passif Genius pour atteindre l\u2019excellence esth\u00e9tique et fonctionnelle, tout en simplifiant la m\u00e9canique orthodontique. Rejoignez une communaut\u00e9 d'orthodontistes experts. Ne tardez pas, inscrivez-vous d\u00e8s maintenant pour transformer votre pratique.","robots":{"index":"index","follow":"follow","max-snippet":"max-snippet:-1","max-image-preview":"max-image-preview:large","max-video-preview":"max-video-preview:-1"},"canonical":"https:\/\/ortho-geniusmaster.com\/en\/temoignages\/","og_locale":"en_US","og_type":"article","og_title":"Temoignages","og_description":"Explorez les t\u00e9moignages vid\u00e9o et \u00e9crits de nos dipl\u00f4m\u00e9s partageant leur exp\u00e9rience avec la Genius Master Academy. R\u00e9volutionnez votre pratique orthodontique tout comme eux, en ma\u00eetrisant le syst\u00e8me auto-ligaturant passif Genius pour atteindre l\u2019excellence esth\u00e9tique et fonctionnelle, tout en simplifiant la m\u00e9canique orthodontique. Rejoignez une communaut\u00e9 d'orthodontistes experts. Ne tardez pas, inscrivez-vous d\u00e8s maintenant pour transformer votre pratique.","og_url":"https:\/\/ortho-geniusmaster.com\/en\/temoignages\/","og_site_name":"Genius Master Programme","article_publisher":"https:\/\/www.facebook.com\/orthopartner\/","article_modified_time":"2023-12-08T13:58:09+00:00","og_image":[{"width":2560,"height":544,"url":"https:\/\/ortho-geniusmaster.com\/wp-content\/uploads\/2023\/08\/Genius-Master-Academy-LOGO-White.png","type":"image\/png"}],"twitter_card":"summary_large_image","twitter_misc":{"Est. reading time":"1 minute"},"schema":{"@context":"https:\/\/schema.org","@graph":[{"@type":"WebPage","@id":"https:\/\/ortho-geniusmaster.com\/temoignages\/","url":"https:\/\/ortho-geniusmaster.com\/temoignages\/","name":"Formation dipl\u00f4mante Genius Master Academy : d\u00e9couvrez les t\u00e9moignages de nos dipl\u00f4m\u00e9s.","isPartOf":{"@id":"https:\/\/ortho-geniusmaster.com\/#website"},"datePublished":"2023-09-03T09:00:38+00:00","dateModified":"2023-12-08T13:58:09+00:00","description":"Explorez les t\u00e9moignages vid\u00e9o et \u00e9crits de nos dipl\u00f4m\u00e9s partageant leur exp\u00e9rience avec la Genius Master Academy. R\u00e9volutionnez votre pratique orthodontique tout comme eux, en ma\u00eetrisant le syst\u00e8me auto-ligaturant passif Genius pour atteindre l\u2019excellence esth\u00e9tique et fonctionnelle, tout en simplifiant la m\u00e9canique orthodontique. Rejoignez une communaut\u00e9 d'orthodontistes experts. Ne tardez pas, inscrivez-vous d\u00e8s maintenant pour transformer votre pratique.","breadcrumb":{"@id":"https:\/\/ortho-geniusmaster.com\/temoignages\/#breadcrumb"},"inLanguage":"en-US","potentialAction":[{"@type":"ReadAction","target":["https:\/\/ortho-geniusmaster.com\/temoignages\/"]}]},{"@type":"BreadcrumbList","@id":"https:\/\/ortho-geniusmaster.com\/temoignages\/#breadcrumb","itemListElement":[{"@type":"ListItem","position":1,"name":"Accueil","item":"https:\/\/ortho-geniusmaster.com\/"},{"@type":"ListItem","position":2,"name":"Temoignages"}]},{"@type":"WebSite","@id":"https:\/\/ortho-geniusmaster.com\/#website","url":"https:\/\/ortho-geniusmaster.com\/","name":"Genius Master Academy","description":"Master in Orthodontics","publisher":{"@id":"https:\/\/ortho-geniusmaster.com\/#organization"},"potentialAction":[{"@type":"SearchAction","target":{"@type":"EntryPoint","urlTemplate":"https:\/\/ortho-geniusmaster.com\/?s={search_term_string}"},"query-input":"required name=search_term_string"}],"inLanguage":"en-US"},{"@type":"Organization","@id":"https:\/\/ortho-geniusmaster.com\/#organization","name":"Genius Master Academy","url":"https:\/\/ortho-geniusmaster.com\/","logo":{"@type":"ImageObject","inLanguage":"en-US","@id":"https:\/\/ortho-geniusmaster.com\/#\/schema\/logo\/image\/","url":"https:\/\/ortho-geniusmaster.com\/wp-content\/uploads\/2023\/08\/Genius-Master-Academy-LOGO-White.png","contentUrl":"https:\/\/ortho-geniusmaster.com\/wp-content\/uploads\/2023\/08\/Genius-Master-Academy-LOGO-White.png","width":4450,"height":945,"caption":"Genius Master Academy"},"image":{"@id":"https:\/\/ortho-geniusmaster.com\/#\/schema\/logo\/image\/"},"sameAs":["https:\/\/www.facebook.com\/orthopartner\/"]}]}},"_links":{"self":[{"href":"https:\/\/ortho-geniusmaster.com\/en\/wp-json\/wp\/v2\/pages\/2855","targetHints":{"allow":["GET"]}}],"collection":[{"href":"https:\/\/ortho-geniusmaster.com\/en\/wp-json\/wp\/v2\/pages"}],"about":[{"href":"https:\/\/ortho-geniusmaster.com\/en\/wp-json\/wp\/v2\/types\/page"}],"author":[{"embeddable":true,"href":"https:\/\/ortho-geniusmaster.com\/en\/wp-json\/wp\/v2\/users\/1"}],"replies":[{"embeddable":true,"href":"https:\/\/ortho-geniusmaster.com\/en\/wp-json\/wp\/v2\/comments?post=2855"}],"version-history":[{"count":0,"href":"https:\/\/ortho-geniusmaster.com\/en\/wp-json\/wp\/v2\/pages\/2855\/revisions"}],"wp:attachment":[{"href":"https:\/\/ortho-geniusmaster.com\/en\/wp-json\/wp\/v2\/media?parent=2855"}],"curies":[{"name":"wp","href":"https:\/\/api.w.org\/{rel}","templated":true}]}}